{"id":143,"date":"2023-08-05T19:11:03","date_gmt":"2023-08-05T19:11:03","guid":{"rendered":"https:\/\/alumni.cvut.cz\/absolventi\/?page_id=143"},"modified":"2024-11-28T09:37:02","modified_gmt":"2024-11-28T07:37:02","slug":"novinky","status":"publish","type":"page","link":"https:\/\/alumni.cvut.cz\/absolventi\/novinky\/","title":{"rendered":"Novinky"},"content":{"rendered":"<p>[et_pb_section fb_built=&#8220;1&#8243; _builder_version=&#8220;4.23.1&#8243; _module_preset=&#8220;default&#8220; background_image=&#8220;https:\/\/alumni.cvut.cz\/absolventi\/wp-content\/uploads\/sites\/2\/2023\/07\/20230425_027_CVUT-VIC-Ryszawy-1.jpg&#8220; height=&#8220;60vh&#8220; custom_padding=&#8220;0px||0px||false|false&#8220; global_colors_info=&#8220;{}&#8220;][et_pb_row _builder_version=&#8220;4.21.2&#8243; _module_preset=&#8220;default&#8220; background_color=&#8220;rgba(141,159,173,0.4)&#8220; width=&#8220;100%&#8220; max_width=&#8220;100%&#8220; height=&#8220;100%&#8220; custom_margin=&#8220;||||false|false&#8220; custom_padding=&#8220;||||false|false&#8220; custom_css_main_element=&#8220;backdrop-filter: blur(10.5px);||  display: flex;||  align-items: center; \/* Vertical centering *\/&#8220; global_colors_info=&#8220;{}&#8220;][et_pb_column type=&#8220;4_4&#8243; _builder_version=&#8220;4.21.2&#8243; _module_preset=&#8220;default&#8220; custom_padding=&#8220;||||false|false&#8220; global_colors_info=&#8220;{}&#8220;][et_pb_text _builder_version=&#8220;4.24.2&#8243; _module_preset=&#8220;default&#8220; header_text_color=&#8220;#FFFFFF&#8220; global_colors_info=&#8220;{}&#8220;]<\/p>\n<h1 style=\"text-align: center;\">Novinky Alumni \u010cVUT<\/h1>\n<p>[\/et_pb_text][\/et_pb_column][\/et_pb_row][\/et_pb_section][et_pb_section fb_built=&#8220;1&#8243; _builder_version=&#8220;4.21.2&#8243; _module_preset=&#8220;default&#8220; custom_padding=&#8220;0px|||||&#8220; global_colors_info=&#8220;{}&#8220;][et_pb_row _builder_version=&#8220;4.21.2&#8243; _module_preset=&#8220;default&#8220; global_colors_info=&#8220;{}&#8220;][et_pb_column type=&#8220;4_4&#8243; _builder_version=&#8220;4.21.2&#8243; _module_preset=&#8220;default&#8220; global_colors_info=&#8220;{}&#8220;][dipi_breadcrumbs bc_custom_home=&#8220;on&#8220; bc_home_text=&#8220;\u00davod&#8220; bc_home_icon=&#8220;on&#8220; bc_home_size=&#8220;24px&#8220; bc_home_color=&#8220;#333333&#8243; bc_separator_icon=&#8220;&#x35;||divi||400&#8243; bc_is_post_type_root=&#8220;on&#8220; bc_schema=&#8220;off&#8220; bc_separator_size=&#8220;36px&#8220; bc_separator_color=&#8220;#0065BD&#8220; bc_separator_space=&#8220;0px&#8220; _builder_version=&#8220;4.24.2&#8243; _module_preset=&#8220;default&#8220; items_text_color=&#8220;#333333&#8243; items_font_size=&#8220;25px&#8220; active_font=&#8220;Technika||||||||&#8220; active_text_color=&#8220;#0065BD&#8220; global_colors_info=&#8220;{}&#8220;][\/dipi_breadcrumbs][\/et_pb_column][\/et_pb_row][et_pb_row _builder_version=&#8220;4.21.2&#8243; _module_preset=&#8220;default&#8220; global_colors_info=&#8220;{}&#8220;][et_pb_column type=&#8220;4_4&#8243; _builder_version=&#8220;4.21.2&#8243; _module_preset=&#8220;default&#8220; global_colors_info=&#8220;{}&#8220;][et_pb_text _builder_version=&#8220;4.24.2&#8243; _module_preset=&#8220;default&#8220; text_font_size=&#8220;40px&#8220; text_line_height=&#8220;1.2em&#8220; global_colors_info=&#8220;{}&#8220;]<span>Informace o nejnov\u011bj\u0161\u00edm d\u011bn\u00ed na univerzit\u011b. Nenechte si uj\u00edt vzru\u0161uj\u00edc\u00ed ud\u00e1losti a\u00a0\u00fasp\u011bchy z na\u0161ich v\u011bdeck\u00fdch a v\u00fdzkum\u00adn\u00fdch odv\u011btv\u00ed, studentsk\u00fdch klub\u016f nebo \u017eiv\u00e9 mezin\u00e1rodn\u00ed komunity absolvent\u016f.<\/span>[\/et_pb_text][et_pb_code _builder_version=&#8220;4.21.2&#8243; _module_preset=&#8220;default&#8220; global_colors_info=&#8220;{}&#8220;]<script><!-- [et_pb_line_break_holder] -->  (function ($) {<!-- [et_pb_line_break_holder] -->    $(document).on(\"ready ajaxComplete\", function () {<!-- [et_pb_line_break_holder] -->      $(\".pa-blog-load-more .et_pb_post a.more-link\").html('<span class=\"et-pb-icon dipi-separator-icon\" style=\"font-size: 50px;\">5<\/span>');<!-- [et_pb_line_break_holder] -->    });<!-- [et_pb_line_break_holder] -->  })(jQuery);<!-- [et_pb_line_break_holder] --><\/script>[\/et_pb_code][\/et_pb_column][\/et_pb_row][et_pb_row _builder_version=&#8220;4.21.2&#8243; _module_preset=&#8220;default&#8220; global_colors_info=&#8220;{}&#8220;][et_pb_column type=&#8220;4_4&#8243; _builder_version=&#8220;4.21.2&#8243; _module_preset=&#8220;default&#8220; global_colors_info=&#8220;{}&#8220;][et_pb_blog include_categories=&#8220;4&#8243; meta_date=&#8220;j.n.Y&#8220; show_more=&#8220;on&#8220; show_author=&#8220;off&#8220; show_categories=&#8220;off&#8220; module_class=&#8220;pa-blog-list pa-blog-load-more&#8220; _builder_version=&#8220;4.24.2&#8243; _module_preset=&#8220;default&#8220; header_text_color=&#8220;#333333&#8243; meta_font=&#8220;Technika||||||||&#8220; meta_text_color=&#8220;#333333&#8243; read_more_font=&#8220;Technika||||||||&#8220; read_more_font_size=&#8220;20px&#8220; hover_enabled=&#8220;0&#8243; body_font_size_tablet=&#8220;16px&#8220; body_font_size_phone=&#8220;12px&#8220; body_font_size_last_edited=&#8220;on|phone&#8220; global_colors_info=&#8220;{}&#8220; custom_css_featured_image_last_edited=&#8220;on|desktop&#8220; custom_css_content_last_edited=&#8220;off|desktop&#8220; custom_css_title_last_edited=&#8220;off|desktop&#8220; sticky_enabled=&#8220;0&#8243;][\/et_pb_blog][\/et_pb_column][\/et_pb_row][\/et_pb_section]<\/p>\n","protected":false},"excerpt":{"rendered":"<p>Novinky Alumni \u010cVUT<div class=\"et_pb_module dipi_breadcrumbs dipi_breadcrumbs_0\">\n\t\t\t\t\n\t\t\t\t\n\t\t\t\t\n\t\t\t\t\n\t\t\t\t\n\t\t\t\t\n\t\t\t\t<div class=\"et_pb_module_inner\">\n\t\t\t\t\t<div class=\"dipi-breadcrumbs dipi-bc-left\">\n                <ul >\n                    \n                                                        <li  class=\"dipi-breadcrumb-item dipi-breadcrumb-home\">\n\n                        \n                            <a  href=\"\">\n                                <span  >\n                                    <span class=\"et-pb-icon dipi-home-icon\"><\/span>                                    \u00davod                                <\/span>\n                            <\/a>\n\n                                                <meta itemprop=\"position\" content=\"1\"\/>                    <\/li>\n\n                    <li class=\"dipi-breadcrumb-separator\">\n                    <span class=\"et-pb-icon dipi-separator-icon\">&#x35;<\/span>\n                <\/li>                            \n                <\/ul>\n            <\/div>\n\t\t\t\t<\/div>\n\t\t\t<\/div>Informace o nejnov\u011bj\u0161\u00edm d\u011bn\u00ed na univerzit\u011b. Nenechte si uj\u00edt vzru\u0161uj\u00edc\u00ed ud\u00e1losti a\u00a0\u00fasp\u011bchy z na\u0161ich v\u011bdeck\u00fdch a v\u00fdzkum\u00adn\u00fdch odv\u011btv\u00ed, studentsk\u00fdch klub\u016f nebo \u017eiv\u00e9 mezin\u00e1rodn\u00ed komunity absolvent\u016f.<\/p>\n","protected":false},"author":1,"featured_media":0,"parent":0,"menu_order":0,"comment_status":"closed","ping_status":"closed","template":"","meta":{"_et_pb_use_builder":"on","_et_pb_old_content":"","_et_gb_content_width":"","footnotes":""},"dipi_cpt_category":[],"yoast_head":"<!-- This site is optimized with the Yoast SEO plugin v22.4 - https:\/\/yoast.com\/wordpress\/plugins\/seo\/ -->\n<title>Novinky - Absolventi \u010cVUT<\/title>\n<meta name=\"robots\" content=\"index, follow, max-snippet:-1, max-image-preview:large, max-video-preview:-1\" \/>\n<link rel=\"canonical\" href=\"https:\/\/alumni.cvut.cz\/absolventi\/novinky\/\" \/>\n<meta property=\"og:locale\" content=\"cs_CZ\" \/>\n<meta property=\"og:type\" content=\"article\" \/>\n<meta property=\"og:title\" content=\"Novinky - Absolventi \u010cVUT\" \/>\n<meta property=\"og:description\" content=\"Novinky Alumni \u010cVUTInformace o nejnov\u011bj\u0161\u00edm d\u011bn\u00ed na univerzit\u011b. Nenechte si uj\u00edt vzru\u0161uj\u00edc\u00ed ud\u00e1losti a\u00a0\u00fasp\u011bchy z na\u0161ich v\u011bdeck\u00fdch a v\u00fdzkum\u00adn\u00fdch odv\u011btv\u00ed, studentsk\u00fdch klub\u016f nebo \u017eiv\u00e9 mezin\u00e1rodn\u00ed komunity absolvent\u016f.\" \/>\n<meta property=\"og:url\" content=\"https:\/\/alumni.cvut.cz\/absolventi\/novinky\/\" \/>\n<meta property=\"og:site_name\" content=\"Absolventi \u010cVUT\" \/>\n<meta property=\"article:modified_time\" content=\"2024-11-28T07:37:02+00:00\" \/>\n<meta name=\"twitter:card\" content=\"summary_large_image\" \/>\n<meta name=\"twitter:label1\" content=\"Odhadovan\u00e1 doba \u010dten\u00ed\" \/>\n\t<meta name=\"twitter:data1\" content=\"3 minuty\" \/>\n<script type=\"application\/ld+json\" class=\"yoast-schema-graph\">{\"@context\":\"https:\/\/schema.org\",\"@graph\":[{\"@type\":\"WebPage\",\"@id\":\"https:\/\/alumni.cvut.cz\/absolventi\/novinky\/\",\"url\":\"https:\/\/alumni.cvut.cz\/absolventi\/novinky\/\",\"name\":\"Novinky - Absolventi \u010cVUT\",\"isPartOf\":{\"@id\":\"https:\/\/alumni.cvut.cz\/absolventi\/#website\"},\"datePublished\":\"2023-08-05T19:11:03+00:00\",\"dateModified\":\"2024-11-28T07:37:02+00:00\",\"breadcrumb\":{\"@id\":\"https:\/\/alumni.cvut.cz\/absolventi\/novinky\/#breadcrumb\"},\"inLanguage\":\"cs\",\"potentialAction\":[{\"@type\":\"ReadAction\",\"target\":[\"https:\/\/alumni.cvut.cz\/absolventi\/novinky\/\"]}]},{\"@type\":\"BreadcrumbList\",\"@id\":\"https:\/\/alumni.cvut.cz\/absolventi\/novinky\/#breadcrumb\",\"itemListElement\":[{\"@type\":\"ListItem\",\"position\":1,\"name\":\"Home\",\"item\":\"https:\/\/alumni.cvut.cz\/absolventi\/\"},{\"@type\":\"ListItem\",\"position\":2,\"name\":\"Novinky\"}]},{\"@type\":\"WebSite\",\"@id\":\"https:\/\/alumni.cvut.cz\/absolventi\/#website\",\"url\":\"https:\/\/alumni.cvut.cz\/absolventi\/\",\"name\":\"Absolventi \u010cVUT\",\"description\":\"V\u00edtejte ve Spole\u010denstv\u00ed absolvent\u016f \u010cVUT.\",\"potentialAction\":[{\"@type\":\"SearchAction\",\"target\":{\"@type\":\"EntryPoint\",\"urlTemplate\":\"https:\/\/alumni.cvut.cz\/absolventi\/?s={search_term_string}\"},\"query-input\":\"required name=search_term_string\"}],\"inLanguage\":\"cs\"}]}<\/script>\n<!-- \/ Yoast SEO plugin. -->","yoast_head_json":{"title":"Novinky - Absolventi \u010cVUT","robots":{"index":"index","follow":"follow","max-snippet":"max-snippet:-1","max-image-preview":"max-image-preview:large","max-video-preview":"max-video-preview:-1"},"canonical":"https:\/\/alumni.cvut.cz\/absolventi\/novinky\/","og_locale":"cs_CZ","og_type":"article","og_title":"Novinky - Absolventi \u010cVUT","og_description":"Novinky Alumni \u010cVUTInformace o nejnov\u011bj\u0161\u00edm d\u011bn\u00ed na univerzit\u011b. Nenechte si uj\u00edt vzru\u0161uj\u00edc\u00ed ud\u00e1losti a\u00a0\u00fasp\u011bchy z na\u0161ich v\u011bdeck\u00fdch a v\u00fdzkum\u00adn\u00fdch odv\u011btv\u00ed, studentsk\u00fdch klub\u016f nebo \u017eiv\u00e9 mezin\u00e1rodn\u00ed komunity absolvent\u016f.","og_url":"https:\/\/alumni.cvut.cz\/absolventi\/novinky\/","og_site_name":"Absolventi \u010cVUT","article_modified_time":"2024-11-28T07:37:02+00:00","twitter_card":"summary_large_image","twitter_misc":{"Odhadovan\u00e1 doba \u010dten\u00ed":"3 minuty"},"schema":{"@context":"https:\/\/schema.org","@graph":[{"@type":"WebPage","@id":"https:\/\/alumni.cvut.cz\/absolventi\/novinky\/","url":"https:\/\/alumni.cvut.cz\/absolventi\/novinky\/","name":"Novinky - Absolventi \u010cVUT","isPartOf":{"@id":"https:\/\/alumni.cvut.cz\/absolventi\/#website"},"datePublished":"2023-08-05T19:11:03+00:00","dateModified":"2024-11-28T07:37:02+00:00","breadcrumb":{"@id":"https:\/\/alumni.cvut.cz\/absolventi\/novinky\/#breadcrumb"},"inLanguage":"cs","potentialAction":[{"@type":"ReadAction","target":["https:\/\/alumni.cvut.cz\/absolventi\/novinky\/"]}]},{"@type":"BreadcrumbList","@id":"https:\/\/alumni.cvut.cz\/absolventi\/novinky\/#breadcrumb","itemListElement":[{"@type":"ListItem","position":1,"name":"Home","item":"https:\/\/alumni.cvut.cz\/absolventi\/"},{"@type":"ListItem","position":2,"name":"Novinky"}]},{"@type":"WebSite","@id":"https:\/\/alumni.cvut.cz\/absolventi\/#website","url":"https:\/\/alumni.cvut.cz\/absolventi\/","name":"Absolventi \u010cVUT","description":"V\u00edtejte ve Spole\u010denstv\u00ed absolvent\u016f \u010cVUT.","potentialAction":[{"@type":"SearchAction","target":{"@type":"EntryPoint","urlTemplate":"https:\/\/alumni.cvut.cz\/absolventi\/?s={search_term_string}"},"query-input":"required name=search_term_string"}],"inLanguage":"cs"}]}},"_links":{"self":[{"href":"https:\/\/alumni.cvut.cz\/absolventi\/wp-json\/wp\/v2\/pages\/143"}],"collection":[{"href":"https:\/\/alumni.cvut.cz\/absolventi\/wp-json\/wp\/v2\/pages"}],"about":[{"href":"https:\/\/alumni.cvut.cz\/absolventi\/wp-json\/wp\/v2\/types\/page"}],"author":[{"embeddable":true,"href":"https:\/\/alumni.cvut.cz\/absolventi\/wp-json\/wp\/v2\/users\/1"}],"replies":[{"embeddable":true,"href":"https:\/\/alumni.cvut.cz\/absolventi\/wp-json\/wp\/v2\/comments?post=143"}],"version-history":[{"count":20,"href":"https:\/\/alumni.cvut.cz\/absolventi\/wp-json\/wp\/v2\/pages\/143\/revisions"}],"predecessor-version":[{"id":2999,"href":"https:\/\/alumni.cvut.cz\/absolventi\/wp-json\/wp\/v2\/pages\/143\/revisions\/2999"}],"wp:attachment":[{"href":"https:\/\/alumni.cvut.cz\/absolventi\/wp-json\/wp\/v2\/media?parent=143"}],"wp:term":[{"taxonomy":"dipi_cpt_category","embeddable":true,"href":"https:\/\/alumni.cvut.cz\/absolventi\/wp-json\/wp\/v2\/dipi_cpt_category?post=143"}],"curies":[{"name":"wp","href":"https:\/\/api.w.org\/{rel}","templated":true}]}}